{"id":4512229,"date":"2026-04-22T18:54:33","date_gmt":"2026-04-22T16:54:33","guid":{"rendered":"https:\/\/antonquilesinmobiliaria.com\/preguntas-frecuentes\/"},"modified":"2026-04-26T07:54:29","modified_gmt":"2026-04-26T05:54:29","slug":"haeufig-gestellte-fragen","status":"publish","type":"page","link":"https:\/\/antonquilesinmobiliaria.com\/de\/haeufig-gestellte-fragen\/","title":{"rendered":"H\u00e4ufig gestellte Fragen"},"content":{"rendered":"\t\t<div data-elementor-type=\"wp-page\" data-elementor-id=\"4512229\" class=\"elementor elementor-4512229 elementor-4344998\">\n\t\t\t\t<div class=\"elementor-element elementor-element-c475c62 e-flex e-con-boxed e-con e-parent\" data-id=\"c475c62\" data-element_type=\"container\" data-e-type=\"container\">\n\t\t\t\t\t<div class=\"e-con-inner\">\n\t\t<div class=\"elementor-element elementor-element-dc9069b e-con-full e-flex e-con e-child\" data-id=\"dc9069b\" data-element_type=\"container\" data-e-type=\"container\">\n\t\t\t\t<div class=\"elementor-element elementor-element-1b0fc3b elementor-widget elementor-widget-heading\" data-id=\"1b0fc3b\" data-element_type=\"widget\" data-e-type=\"widget\" data-widget_type=\"heading.default\">\n\t\t\t\t\t<h2 class=\"elementor-heading-title elementor-size-default\">H\u00e4ufig gestellte Fragen<\/h2>\t\t\t\t<\/div>\n\t\t\t\t<div class=\"elementor-element elementor-element-674f6b5 elementor-widget elementor-widget-text-editor\" data-id=\"674f6b5\" data-element_type=\"widget\" data-e-type=\"widget\" data-widget_type=\"text-editor.default\">\n\t\t\t\t\t\t\t\t\t<h3 data-section-id=\"y7udab\" data-start=\"117\" data-end=\"167\">1. \u00bfQu\u00e9 servicios ofrece vuestra inmobiliaria?<\/h3><p data-start=\"168\" data-end=\"354\">Ofrecemos asesoramiento integral en compra, venta y alquiler de inmuebles. Tambi\u00e9n gestionamos valoraciones, visitas, negociaci\u00f3n, documentaci\u00f3n y acompa\u00f1amiento durante todo el proceso.<\/p><h3 data-section-id=\"1u12lhc\" data-start=\"356\" data-end=\"397\">2. \u00bfQu\u00e9 tipo de inmuebles gestion\u00e1is?<\/h3><p data-start=\"398\" data-end=\"547\">Trabajamos con pisos, casas, chalets, \u00e1ticos, locales comerciales, oficinas, garajes, trasteros y terrenos, tanto de obra nueva como de segunda mano.<\/p><h3 data-section-id=\"1ykigch\" data-start=\"549\" data-end=\"580\">3. \u00bfEn qu\u00e9 zonas trabaj\u00e1is?<\/h3><p data-start=\"581\" data-end=\"751\">Gestionamos inmuebles en distintas zonas y barrios seg\u00fan nuestra cartera disponible. Puedes contactar con nosotros para conocer las \u00e1reas en las que operamos actualmente.<\/p><h3 data-section-id=\"1c8glfv\" data-start=\"753\" data-end=\"813\">4. \u00bfC\u00f3mo puedo solicitar informaci\u00f3n sobre una vivienda?<\/h3><p data-start=\"814\" data-end=\"1017\">Puedes hacerlo a trav\u00e9s del formulario de contacto de la web, por tel\u00e9fono, por WhatsApp o correo electr\u00f3nico. Te responderemos con toda la informaci\u00f3n disponible y concertaremos una visita si lo deseas.<\/p><h3 data-section-id=\"1l2endg\" data-start=\"1019\" data-end=\"1057\">5. \u00bfC\u00f3mo puedo agendar una visita?<\/h3><p data-start=\"1058\" data-end=\"1247\">Solo tienes que ponerte en contacto con nosotros indicando el inmueble que te interesa. Coordinaremos la visita en el horario que mejor se adapte a ti y a la disponibilidad de la propiedad.<\/p><hr data-start=\"1249\" data-end=\"1252\" \/><h2 data-section-id=\"x5bj48\" data-start=\"1254\" data-end=\"1275\">Compra de vivienda<\/h2><h3 data-section-id=\"179rxv4\" data-start=\"1277\" data-end=\"1326\">6. \u00bfQu\u00e9 gastos tengo al comprar una vivienda?<\/h3><p data-start=\"1327\" data-end=\"1554\">Adem\u00e1s del precio del inmueble, normalmente hay que contar con impuestos, notar\u00eda, registro y, en algunos casos, gastos de financiaci\u00f3n o gestor\u00eda. El importe puede variar seg\u00fan el tipo de operaci\u00f3n y la ubicaci\u00f3n del inmueble.<\/p><h3 data-section-id=\"11wwcr0\" data-start=\"1556\" data-end=\"1595\">7. \u00bfNecesito hipoteca para comprar?<\/h3><p data-start=\"1596\" data-end=\"1802\">No siempre, pero muchas personas recurren a financiaci\u00f3n hipotecaria. Es recomendable conocer tu capacidad de endeudamiento antes de iniciar la b\u00fasqueda para centrarte en inmuebles acordes a tu presupuesto.<\/p><h3 data-section-id=\"1thto8b\" data-start=\"1804\" data-end=\"1874\">8. \u00bfPod\u00e9is ayudarme a encontrar una vivienda seg\u00fan mi presupuesto?<\/h3><p data-start=\"1875\" data-end=\"2016\">S\u00ed. Te ayudamos a filtrar inmuebles seg\u00fan presupuesto, zona, superficie, n\u00famero de habitaciones, estado de conservaci\u00f3n y otras preferencias.<\/p><h3 data-section-id=\"1pf4gn1\" data-start=\"2018\" data-end=\"2074\">9. \u00bfQu\u00e9 documentaci\u00f3n debo revisar antes de comprar?<\/h3><p data-start=\"2075\" data-end=\"2252\">Es importante revisar la situaci\u00f3n registral del inmueble, la titularidad, cargas, certificados obligatorios, estado de pagos de comunidad y suministros, entre otros documentos.<\/p><h3 data-section-id=\"ifuol6\" data-start=\"2254\" data-end=\"2307\">10. \u00bfSe puede negociar el precio de una vivienda?<\/h3><p data-start=\"2308\" data-end=\"2465\">En muchos casos s\u00ed. La posibilidad de negociaci\u00f3n depende del mercado, del estado del inmueble, del tiempo que lleve publicado y de la posici\u00f3n del vendedor.<\/p><hr data-start=\"2467\" data-end=\"2470\" \/><h2 data-section-id=\"m5urce\" data-start=\"2472\" data-end=\"2493\">Venta de inmuebles<\/h2><h3 data-section-id=\"fu6bpk\" data-start=\"2495\" data-end=\"2547\">11. \u00bfC\u00f3mo puedo vender mi vivienda con vosotros?<\/h3><p data-start=\"2548\" data-end=\"2701\">Puedes contactarnos y uno de nuestros asesores estudiar\u00e1 tu inmueble, realizar\u00e1 una valoraci\u00f3n orientativa y te explicar\u00e1 el proceso de comercializaci\u00f3n.<\/p><h3 data-section-id=\"p3adr1\" data-start=\"2703\" data-end=\"2736\">12. \u00bfCu\u00e1nto vale mi vivienda?<\/h3><p data-start=\"2737\" data-end=\"2891\">El valor depende de factores como ubicaci\u00f3n, superficie, estado, antig\u00fcedad, orientaci\u00f3n, servicios de la zona y precio de mercado de inmuebles similares.<\/p><h3 data-section-id=\"1qfo9vj\" data-start=\"2893\" data-end=\"2933\">13. \u00bfHac\u00e9is valoraci\u00f3n del inmueble?<\/h3><p data-start=\"2934\" data-end=\"3077\">S\u00ed. Realizamos una valoraci\u00f3n basada en mercado, caracter\u00edsticas del inmueble y demanda en la zona para ayudarte a fijar un precio competitivo.<\/p><h3 data-section-id=\"elum55\" data-start=\"3079\" data-end=\"3136\">14. \u00bfQu\u00e9 documentos necesito para vender mi vivienda?<\/h3><p data-start=\"3137\" data-end=\"3318\">Habitualmente se necesita documentaci\u00f3n identificativa del propietario, escritura, referencia catastral, certificado energ\u00e9tico y otros documentos que pueden variar seg\u00fan cada caso.<\/p><h3 data-section-id=\"rhipoh\" data-start=\"3320\" data-end=\"3375\">15. \u00bfCu\u00e1nto tiempo se tarda en vender una vivienda?<\/h3><p data-start=\"3376\" data-end=\"3539\">Depende del precio, la ubicaci\u00f3n, el estado del inmueble y la demanda del mercado. Una estrategia correcta de precio y promoci\u00f3n suele ayudar a reducir los plazos.<\/p><h3 data-section-id=\"11xsbb8\" data-start=\"3541\" data-end=\"3598\">16. \u00bfPublic\u00e1is mi inmueble en portales inmobiliarios?<\/h3><p data-start=\"3599\" data-end=\"3733\">S\u00ed, normalmente difundimos los inmuebles en la web, portales especializados y otros canales de marketing para aumentar su visibilidad.<\/p><hr data-start=\"3735\" data-end=\"3738\" \/><h2 data-section-id=\"dbsmou\" data-start=\"3740\" data-end=\"3751\">Alquiler<\/h2><h3 data-section-id=\"1tj19nl\" data-start=\"3753\" data-end=\"3792\">17. \u00bfTambi\u00e9n gestion\u00e1is alquileres?<\/h3><p data-start=\"3793\" data-end=\"3895\">S\u00ed. Gestionamos viviendas y otros inmuebles en alquiler, tanto para propietarios como para inquilinos.<\/p><h3 data-section-id=\"t9cstx\" data-start=\"3897\" data-end=\"3963\">18. \u00bfQu\u00e9 requisitos suelen pedirse para alquilar una vivienda?<\/h3><p data-start=\"3964\" data-end=\"4125\">Normalmente se solicita documentaci\u00f3n econ\u00f3mica y de identidad para acreditar solvencia, aunque los requisitos pueden variar seg\u00fan la propiedad y el propietario.<\/p><h3 data-section-id=\"w3swlf\" data-start=\"4127\" data-end=\"4165\">19. \u00bfQu\u00e9 gastos tiene un alquiler?<\/h3><p data-start=\"4166\" data-end=\"4340\">Adem\u00e1s de la renta mensual, pueden existir otros gastos seg\u00fan contrato, como fianza, garant\u00edas adicionales o suministros, dependiendo del inmueble y las condiciones pactadas.<\/p><h3 data-section-id=\"1ox09dy\" data-start=\"4342\" data-end=\"4392\">20. \u00bfPod\u00e9is gestionar mi vivienda en alquiler?<\/h3><p data-start=\"4393\" data-end=\"4528\">S\u00ed. Podemos ayudarte con la comercializaci\u00f3n, selecci\u00f3n de inquilinos, visitas, gesti\u00f3n documental y acompa\u00f1amiento durante el proceso.<\/p><hr data-start=\"4530\" data-end=\"4533\" \/><h2 data-section-id=\"1ld7zno\" data-start=\"4535\" data-end=\"4556\">Gesti\u00f3n y atenci\u00f3n<\/h2><h3 data-section-id=\"1oqxuta\" data-start=\"4558\" data-end=\"4586\">21. \u00bfCobr\u00e1is honorarios?<\/h3><p data-start=\"4587\" data-end=\"4730\">S\u00ed, los honorarios dependen del tipo de operaci\u00f3n y del servicio contratado. Te informaremos de forma clara antes de iniciar cualquier gesti\u00f3n.<\/p><h3 data-section-id=\"1jqb8qh\" data-start=\"4732\" data-end=\"4788\">22. \u00bfOfrec\u00e9is asesoramiento durante todo el proceso?<\/h3><p data-start=\"4789\" data-end=\"4932\">S\u00ed. Nuestro objetivo es acompa\u00f1arte desde la primera consulta hasta el cierre de la operaci\u00f3n para que el proceso sea m\u00e1s \u00e1gil, claro y seguro.<\/p><h3 data-section-id=\"1i17ec2\" data-start=\"4934\" data-end=\"5003\">23. \u00bfPuedo contactar aunque todav\u00eda no tenga una decisi\u00f3n tomada?<\/h3><p data-start=\"5004\" data-end=\"5149\">S\u00ed, por supuesto. Podemos orientarte tanto si est\u00e1s empezando a buscar vivienda como si quieres vender o alquilar y a\u00fan est\u00e1s valorando opciones.<\/p><h3 data-section-id=\"1qlnknt\" data-start=\"5151\" data-end=\"5194\">24. \u00bfC\u00f3mo puedo contactar con vosotros?<\/h3><p data-start=\"5195\" data-end=\"5333\">Puedes escribirnos mediante el formulario web, llamarnos, enviarnos un WhatsApp o un correo electr\u00f3nico. Estaremos encantados de ayudarte.<\/p>\t\t\t\t\t\t\t\t<\/div>\n\t\t\t\t<\/div>\n\t\t\t\t\t<\/div>\n\t\t\t\t<\/div>\n\t\t\t\t<\/div>\n\t\t","protected":false},"excerpt":{"rendered":"<p>H\u00e4ufig gestellte Fragen 1. Welche Dienstleistungen bietet Ihre Immobilienagentur an? Wir bieten eine umfassende Beratung beim Kauf, Verkauf und bei der Vermietung von Immobilien. Au\u00dferdem k\u00fcmmern wir uns um Bewertungen, Besichtigungen, Verhandlungen, Unterlagen und die Begleitung w\u00e4hrend des gesamten Prozesses. 2. Welche Arten von Immobilien betreuen Sie? Wir arbeiten mit Wohnungen, H\u00e4usern, Villen, Penth\u00e4usern, Gewerbeimmobilien, [&hellip;]<\/p>\n","protected":false},"author":2,"featured_media":0,"parent":0,"menu_order":0,"comment_status":"closed","ping_status":"closed","template":"","meta":{"footnotes":""},"class_list":["post-4512229","page","type-page","status-publish","hentry"],"yoast_head":"<!-- This site is optimized with the Yoast SEO plugin v27.4 - https:\/\/yoast.com\/product\/yoast-seo-wordpress\/ -->\n<title>Preguntas Frecuentes sobre la Compra de Inmuebles - Ant\u00f3n Quiles Inmobiliaria - Servicios Inmobiliarios<\/title>\n<meta name=\"description\" content=\"Encuentra respuestas en nuestras Preguntas Frecuentes sobre compra, venta y alquiler de inmuebles. Estamos aqu\u00ed para ayudarte.\" \/>\n<meta name=\"robots\" content=\"index, follow, max-snippet:-1, max-image-preview:large, max-video-preview:-1\" \/>\n<link rel=\"canonical\" href=\"https:\/\/antonquilesinmobiliaria.com\/de\/haeufig-gestellte-fragen\/\" \/>\n<meta property=\"og:locale\" content=\"de_DE\" \/>\n<meta property=\"og:type\" content=\"article\" \/>\n<meta property=\"og:title\" content=\"Preguntas Frecuentes sobre la Compra de Inmuebles - Ant\u00f3n Quiles Inmobiliaria - Servicios Inmobiliarios\" \/>\n<meta property=\"og:description\" content=\"Encuentra respuestas en nuestras Preguntas Frecuentes sobre compra, venta y alquiler de inmuebles. Estamos aqu\u00ed para ayudarte.\" \/>\n<meta property=\"og:url\" content=\"https:\/\/antonquilesinmobiliaria.com\/de\/haeufig-gestellte-fragen\/\" \/>\n<meta property=\"og:site_name\" content=\"Ant\u00f3n Quiles Inmobiliaria - Servicios Inmobiliarios\" \/>\n<meta property=\"article:publisher\" content=\"https:\/\/www.facebook.com\/antonquilesinmobiliaria\/\" \/>\n<meta property=\"article:modified_time\" content=\"2026-04-26T05:54:29+00:00\" \/>\n<meta name=\"twitter:card\" content=\"summary_large_image\" \/>\n<meta name=\"twitter:label1\" content=\"Gesch\u00e4tzte Lesezeit\" \/>\n\t<meta name=\"twitter:data1\" content=\"4\u00a0Minuten\" \/>\n<script type=\"application\/ld+json\" class=\"yoast-schema-graph\">{\"@context\":\"https:\\\/\\\/schema.org\",\"@graph\":[{\"@type\":\"WebPage\",\"@id\":\"https:\\\/\\\/antonquilesinmobiliaria.com\\\/de\\\/haeufig-gestellte-fragen\\\/\",\"url\":\"https:\\\/\\\/antonquilesinmobiliaria.com\\\/de\\\/haeufig-gestellte-fragen\\\/\",\"name\":\"Preguntas Frecuentes sobre la Compra de Inmuebles - Ant\u00f3n Quiles Inmobiliaria - Servicios Inmobiliarios\",\"isPartOf\":{\"@id\":\"https:\\\/\\\/antonquilesinmobiliaria.com\\\/#website\"},\"datePublished\":\"2026-04-22T16:54:33+00:00\",\"dateModified\":\"2026-04-26T05:54:29+00:00\",\"description\":\"Encuentra respuestas en nuestras Preguntas Frecuentes sobre compra, venta y alquiler de inmuebles. Estamos aqu\u00ed para ayudarte.\",\"breadcrumb\":{\"@id\":\"https:\\\/\\\/antonquilesinmobiliaria.com\\\/de\\\/haeufig-gestellte-fragen\\\/#breadcrumb\"},\"inLanguage\":\"de\",\"potentialAction\":[{\"@type\":\"ReadAction\",\"target\":[\"https:\\\/\\\/antonquilesinmobiliaria.com\\\/de\\\/haeufig-gestellte-fragen\\\/\"]}]},{\"@type\":\"BreadcrumbList\",\"@id\":\"https:\\\/\\\/antonquilesinmobiliaria.com\\\/de\\\/haeufig-gestellte-fragen\\\/#breadcrumb\",\"itemListElement\":[{\"@type\":\"ListItem\",\"position\":1,\"name\":\"Portada\",\"item\":\"https:\\\/\\\/antonquilesinmobiliaria.com\\\/fr\\\/\"},{\"@type\":\"ListItem\",\"position\":2,\"name\":\"H\u00e4ufig gestellte Fragen\"}]},{\"@type\":\"WebSite\",\"@id\":\"https:\\\/\\\/antonquilesinmobiliaria.com\\\/#website\",\"url\":\"https:\\\/\\\/antonquilesinmobiliaria.com\\\/\",\"name\":\"Ant\u00f3n Quiles Inmobiliaria\",\"description\":\"Servicios Inmobiliarios\",\"publisher\":{\"@id\":\"https:\\\/\\\/antonquilesinmobiliaria.com\\\/#organization\"},\"potentialAction\":[{\"@type\":\"SearchAction\",\"target\":{\"@type\":\"EntryPoint\",\"urlTemplate\":\"https:\\\/\\\/antonquilesinmobiliaria.com\\\/?s={search_term_string}\"},\"query-input\":{\"@type\":\"PropertyValueSpecification\",\"valueRequired\":true,\"valueName\":\"search_term_string\"}}],\"inLanguage\":\"de\"},{\"@type\":\"Organization\",\"@id\":\"https:\\\/\\\/antonquilesinmobiliaria.com\\\/#organization\",\"name\":\"Ant\u00f3n Quiles Servicios Inmobiliarios\",\"url\":\"https:\\\/\\\/antonquilesinmobiliaria.com\\\/\",\"logo\":{\"@type\":\"ImageObject\",\"inLanguage\":\"de\",\"@id\":\"https:\\\/\\\/antonquilesinmobiliaria.com\\\/#\\\/schema\\\/logo\\\/image\\\/\",\"url\":\"https:\\\/\\\/antonquilesinmobiliaria.com\\\/wp-content\\\/uploads\\\/2025\\\/11\\\/page_6.png\",\"contentUrl\":\"https:\\\/\\\/antonquilesinmobiliaria.com\\\/wp-content\\\/uploads\\\/2025\\\/11\\\/page_6.png\",\"width\":578,\"height\":342,\"caption\":\"Ant\u00f3n Quiles Servicios Inmobiliarios\"},\"image\":{\"@id\":\"https:\\\/\\\/antonquilesinmobiliaria.com\\\/#\\\/schema\\\/logo\\\/image\\\/\"},\"sameAs\":[\"https:\\\/\\\/www.facebook.com\\\/antonquilesinmobiliaria\\\/\"]}]}<\/script>\n<!-- \/ Yoast SEO plugin. -->","yoast_head_json":{"title":"Preguntas Frecuentes sobre la Compra de Inmuebles - Ant\u00f3n Quiles Inmobiliaria - Servicios Inmobiliarios","description":"Encuentra respuestas en nuestras Preguntas Frecuentes sobre compra, venta y alquiler de inmuebles. Estamos aqu\u00ed para ayudarte.","robots":{"index":"index","follow":"follow","max-snippet":"max-snippet:-1","max-image-preview":"max-image-preview:large","max-video-preview":"max-video-preview:-1"},"canonical":"https:\/\/antonquilesinmobiliaria.com\/de\/haeufig-gestellte-fragen\/","og_locale":"de_DE","og_type":"article","og_title":"Preguntas Frecuentes sobre la Compra de Inmuebles - Ant\u00f3n Quiles Inmobiliaria - Servicios Inmobiliarios","og_description":"Encuentra respuestas en nuestras Preguntas Frecuentes sobre compra, venta y alquiler de inmuebles. Estamos aqu\u00ed para ayudarte.","og_url":"https:\/\/antonquilesinmobiliaria.com\/de\/haeufig-gestellte-fragen\/","og_site_name":"Ant\u00f3n Quiles Inmobiliaria - Servicios Inmobiliarios","article_publisher":"https:\/\/www.facebook.com\/antonquilesinmobiliaria\/","article_modified_time":"2026-04-26T05:54:29+00:00","twitter_card":"summary_large_image","twitter_misc":{"Gesch\u00e4tzte Lesezeit":"4\u00a0Minuten"},"schema":{"@context":"https:\/\/schema.org","@graph":[{"@type":"WebPage","@id":"https:\/\/antonquilesinmobiliaria.com\/de\/haeufig-gestellte-fragen\/","url":"https:\/\/antonquilesinmobiliaria.com\/de\/haeufig-gestellte-fragen\/","name":"Preguntas Frecuentes sobre la Compra de Inmuebles - Ant\u00f3n Quiles Inmobiliaria - Servicios Inmobiliarios","isPartOf":{"@id":"https:\/\/antonquilesinmobiliaria.com\/#website"},"datePublished":"2026-04-22T16:54:33+00:00","dateModified":"2026-04-26T05:54:29+00:00","description":"Encuentra respuestas en nuestras Preguntas Frecuentes sobre compra, venta y alquiler de inmuebles. Estamos aqu\u00ed para ayudarte.","breadcrumb":{"@id":"https:\/\/antonquilesinmobiliaria.com\/de\/haeufig-gestellte-fragen\/#breadcrumb"},"inLanguage":"de","potentialAction":[{"@type":"ReadAction","target":["https:\/\/antonquilesinmobiliaria.com\/de\/haeufig-gestellte-fragen\/"]}]},{"@type":"BreadcrumbList","@id":"https:\/\/antonquilesinmobiliaria.com\/de\/haeufig-gestellte-fragen\/#breadcrumb","itemListElement":[{"@type":"ListItem","position":1,"name":"Portada","item":"https:\/\/antonquilesinmobiliaria.com\/fr\/"},{"@type":"ListItem","position":2,"name":"H\u00e4ufig gestellte Fragen"}]},{"@type":"WebSite","@id":"https:\/\/antonquilesinmobiliaria.com\/#website","url":"https:\/\/antonquilesinmobiliaria.com\/","name":"Ant\u00f3n Quiles Inmobiliaria","description":"Servicios Inmobiliarios","publisher":{"@id":"https:\/\/antonquilesinmobiliaria.com\/#organization"},"potentialAction":[{"@type":"SearchAction","target":{"@type":"EntryPoint","urlTemplate":"https:\/\/antonquilesinmobiliaria.com\/?s={search_term_string}"},"query-input":{"@type":"PropertyValueSpecification","valueRequired":true,"valueName":"search_term_string"}}],"inLanguage":"de"},{"@type":"Organization","@id":"https:\/\/antonquilesinmobiliaria.com\/#organization","name":"Ant\u00f3n Quiles Servicios Inmobiliarios","url":"https:\/\/antonquilesinmobiliaria.com\/","logo":{"@type":"ImageObject","inLanguage":"de","@id":"https:\/\/antonquilesinmobiliaria.com\/#\/schema\/logo\/image\/","url":"https:\/\/antonquilesinmobiliaria.com\/wp-content\/uploads\/2025\/11\/page_6.png","contentUrl":"https:\/\/antonquilesinmobiliaria.com\/wp-content\/uploads\/2025\/11\/page_6.png","width":578,"height":342,"caption":"Ant\u00f3n Quiles Servicios Inmobiliarios"},"image":{"@id":"https:\/\/antonquilesinmobiliaria.com\/#\/schema\/logo\/image\/"},"sameAs":["https:\/\/www.facebook.com\/antonquilesinmobiliaria\/"]}]}},"_links":{"self":[{"href":"https:\/\/antonquilesinmobiliaria.com\/de\/wp-json\/wp\/v2\/pages\/4512229","targetHints":{"allow":["GET"]}}],"collection":[{"href":"https:\/\/antonquilesinmobiliaria.com\/de\/wp-json\/wp\/v2\/pages"}],"about":[{"href":"https:\/\/antonquilesinmobiliaria.com\/de\/wp-json\/wp\/v2\/types\/page"}],"author":[{"embeddable":true,"href":"https:\/\/antonquilesinmobiliaria.com\/de\/wp-json\/wp\/v2\/users\/2"}],"replies":[{"embeddable":true,"href":"https:\/\/antonquilesinmobiliaria.com\/de\/wp-json\/wp\/v2\/comments?post=4512229"}],"version-history":[{"count":1,"href":"https:\/\/antonquilesinmobiliaria.com\/de\/wp-json\/wp\/v2\/pages\/4512229\/revisions"}],"predecessor-version":[{"id":4512230,"href":"https:\/\/antonquilesinmobiliaria.com\/de\/wp-json\/wp\/v2\/pages\/4512229\/revisions\/4512230"}],"wp:attachment":[{"href":"https:\/\/antonquilesinmobiliaria.com\/de\/wp-json\/wp\/v2\/media?parent=4512229"}],"curies":[{"name":"wp","href":"https:\/\/api.w.org\/{rel}","templated":true}]}}