{"id":4488035,"date":"2025-11-21T10:26:02","date_gmt":"2025-11-21T09:26:02","guid":{"rendered":"https:\/\/antonquilesinmobiliaria.com\/politica-de-cookies\/"},"modified":"2026-04-25T19:28:08","modified_gmt":"2026-04-25T17:28:08","slug":"polityka-cookies","status":"publish","type":"page","link":"https:\/\/antonquilesinmobiliaria.com\/pl\/polityka-cookies\/","title":{"rendered":"Polityka cookies"},"content":{"rendered":"\t\t<div data-elementor-type=\"wp-page\" data-elementor-id=\"4488035\" class=\"elementor elementor-4488035 elementor-19112\">\n\t\t\t\t<div class=\"elementor-element elementor-element-f13aca8 e-flex e-con-boxed e-con e-parent\" data-id=\"f13aca8\" data-element_type=\"container\" data-e-type=\"container\">\n\t\t\t\t\t<div class=\"e-con-inner\">\n\t\t\t\t<div class=\"elementor-element elementor-element-fd8da37 elementor-widget elementor-widget-text-editor\" data-id=\"fd8da37\" data-element_type=\"widget\" data-e-type=\"widget\" data-widget_type=\"text-editor.default\">\n\t\t\t\t\t\t\t\t\t<h2 data-start=\"206\" data-end=\"228\">Polityka cookies<\/h2><p data-start=\"230\" data-end=\"459\"><strong data-start=\"230\" data-end=\"258\">1. \u00bfQu\u00e9 son las cookies?<\/strong><br data-start=\"258\" data-end=\"261\" \/>Las cookies son peque\u00f1os archivos que se almacenan en su dispositivo cuando visita una p\u00e1gina web. Sirven para recordar sus preferencias, entender c\u00f3mo navega y mejorar su experiencia en el sitio.<\/p><p data-start=\"461\" data-end=\"507\"><strong data-start=\"461\" data-end=\"507\">2. \u00bfQu\u00e9 tipos de cookies utiliza esta web?<\/strong><\/p><p data-start=\"509\" data-end=\"709\"><strong data-start=\"509\" data-end=\"547\">a) Cookies t\u00e9cnicas (obligatorias)<\/strong><br data-start=\"547\" data-end=\"550\" \/>Permiten el funcionamiento b\u00e1sico del sitio web, como la navegaci\u00f3n y el acceso a \u00e1reas seguras. Sin estas cookies, la p\u00e1gina no puede funcionar correctamente.<\/p><p data-start=\"711\" data-end=\"837\"><strong data-start=\"711\" data-end=\"744\">b) Cookies de personalizaci\u00f3n<\/strong><br data-start=\"744\" data-end=\"747\" \/>Permiten recordar preferencias como el idioma, la regi\u00f3n o el tipo de navegador utilizado.<\/p><p data-start=\"839\" data-end=\"1050\"><strong data-start=\"839\" data-end=\"880\">c) Cookies de an\u00e1lisis o estad\u00edsticas<\/strong><br data-start=\"880\" data-end=\"883\" \/>Nos ayudan a comprender c\u00f3mo interact\u00faan los usuarios con la web recopilando informaci\u00f3n de forma an\u00f3nima. Ejemplos: Google Analytics u otras herramientas de medici\u00f3n.<\/p><p data-start=\"1052\" data-end=\"1223\"><strong data-start=\"1052\" data-end=\"1092\">d) Cookies de publicidad y marketing<\/strong><br data-start=\"1092\" data-end=\"1095\" \/>Se utilizan para mostrar anuncios relevantes y medir su rendimiento. Tambi\u00e9n pueden rastrear al usuario en distintos sitios web.<\/p><p data-start=\"1225\" data-end=\"1504\"><strong data-start=\"1225\" data-end=\"1277\">3. \u00bfQui\u00e9n utiliza la informaci\u00f3n de las cookies?<\/strong><br data-start=\"1277\" data-end=\"1280\" \/>La informaci\u00f3n recogida por las cookies puede ser utilizada \u00fanicamente por el titular de esta web y, en el caso de cookies de terceros, tambi\u00e9n por los proveedores seleccionados (como Google, Meta, o herramientas similares).<\/p><p data-start=\"1506\" data-end=\"1745\"><strong data-start=\"1506\" data-end=\"1561\">4. \u00bfC\u00f3mo puedes gestionar o desactivar las cookies?<\/strong><br data-start=\"1561\" data-end=\"1564\" \/>Puede permitir, bloquear o eliminar las cookies instaladas en su dispositivo configurando las opciones de su navegador. A continuaci\u00f3n tiene enlaces a los principales navegadores:<\/p><ul data-start=\"1747\" data-end=\"1789\"><li data-start=\"1747\" data-end=\"1757\"><p data-start=\"1749\" data-end=\"1757\">Chrome<\/p><\/li><li data-start=\"1758\" data-end=\"1769\"><p data-start=\"1760\" data-end=\"1769\">Firefox<\/p><\/li><li data-start=\"1770\" data-end=\"1780\"><p data-start=\"1772\" data-end=\"1780\">Safari<\/p><\/li><li data-start=\"1781\" data-end=\"1789\"><p data-start=\"1783\" data-end=\"1789\">Edge<\/p><\/li><\/ul><p data-start=\"1791\" data-end=\"1916\">Tambi\u00e9n puede configurar sus preferencias desde el banner de cookies disponible cuando accede por primera vez al sitio web.<\/p><p data-start=\"1918\" data-end=\"2200\"><strong data-start=\"1918\" data-end=\"1961\">5. Aceptaci\u00f3n de la pol\u00edtica de cookies<\/strong><br data-start=\"1961\" data-end=\"1964\" \/>Al continuar navegando en este sitio web, consideramos que acepta el uso de las cookies en las condiciones contenidas en esta Polityka cookies. Puede modificar su consentimiento en cualquier momento desde el panel de configuraci\u00f3n.<\/p>\t\t\t\t\t\t\t\t<\/div>\n\t\t\t\t\t<\/div>\n\t\t\t\t<\/div>\n\t\t\t\t<\/div>\n\t\t","protected":false},"excerpt":{"rendered":"<p>Polityka cookies 1. \u00bfQu\u00e9 son las cookies?Las cookies son peque\u00f1os archivos que se almacenan en su dispositivo cuando visita una p\u00e1gina web. Sirven para recordar sus preferencias, entender c\u00f3mo navega y mejorar su experiencia en el sitio. 2. \u00bfQu\u00e9 tipos de cookies utiliza esta web? a) Cookies t\u00e9cnicas (obligatorias)Permiten el funcionamiento b\u00e1sico del sitio web, [&hellip;]<\/p>\n","protected":false},"author":1,"featured_media":0,"parent":0,"menu_order":0,"comment_status":"closed","ping_status":"closed","template":"elementor_header_footer","meta":{"footnotes":""},"class_list":["post-4488035","page","type-page","status-publish","hentry"],"yoast_head":"<!-- This site is optimized with the Yoast SEO plugin v27.4 - https:\/\/yoast.com\/product\/yoast-seo-wordpress\/ -->\n<title>Polityka cookies - Ant\u00f3n Quiles Inmobiliaria - Servicios Inmobiliarios<\/title>\n<meta name=\"robots\" content=\"index, follow, max-snippet:-1, max-image-preview:large, max-video-preview:-1\" \/>\n<link rel=\"canonical\" href=\"https:\/\/antonquilesinmobiliaria.com\/pl\/polityka-cookies\/\" \/>\n<meta property=\"og:locale\" content=\"pl_PL\" \/>\n<meta property=\"og:type\" content=\"article\" \/>\n<meta property=\"og:title\" content=\"Polityka cookies - Ant\u00f3n Quiles Inmobiliaria - Servicios Inmobiliarios\" \/>\n<meta property=\"og:description\" content=\"Polityka cookies 1. \u00bfQu\u00e9 son las cookies?Las cookies son peque\u00f1os archivos que se almacenan en su dispositivo cuando visita una p\u00e1gina web. Sirven para recordar sus preferencias, entender c\u00f3mo navega y mejorar su experiencia en el sitio. 2. \u00bfQu\u00e9 tipos de cookies utiliza esta web? a) Cookies t\u00e9cnicas (obligatorias)Permiten el funcionamiento b\u00e1sico del sitio web, [&hellip;]\" \/>\n<meta property=\"og:url\" content=\"https:\/\/antonquilesinmobiliaria.com\/pl\/polityka-cookies\/\" \/>\n<meta property=\"og:site_name\" content=\"Ant\u00f3n Quiles Inmobiliaria - Servicios Inmobiliarios\" \/>\n<meta property=\"article:publisher\" content=\"https:\/\/www.facebook.com\/antonquilesinmobiliaria\/\" \/>\n<meta property=\"article:modified_time\" content=\"2026-04-25T17:28:08+00:00\" \/>\n<meta name=\"twitter:card\" content=\"summary_large_image\" \/>\n<meta name=\"twitter:label1\" content=\"Szacowany czas czytania\" \/>\n\t<meta name=\"twitter:data1\" content=\"2 minuty\" \/>\n<script type=\"application\/ld+json\" class=\"yoast-schema-graph\">{\"@context\":\"https:\\\/\\\/schema.org\",\"@graph\":[{\"@type\":\"WebPage\",\"@id\":\"https:\\\/\\\/antonquilesinmobiliaria.com\\\/pl\\\/polityka-cookies\\\/\",\"url\":\"https:\\\/\\\/antonquilesinmobiliaria.com\\\/pl\\\/polityka-cookies\\\/\",\"name\":\"Polityka cookies - Ant\u00f3n Quiles Inmobiliaria - Servicios Inmobiliarios\",\"isPartOf\":{\"@id\":\"https:\\\/\\\/antonquilesinmobiliaria.com\\\/#website\"},\"datePublished\":\"2025-11-21T09:26:02+00:00\",\"dateModified\":\"2026-04-25T17:28:08+00:00\",\"breadcrumb\":{\"@id\":\"https:\\\/\\\/antonquilesinmobiliaria.com\\\/pl\\\/polityka-cookies\\\/#breadcrumb\"},\"inLanguage\":\"pl-PL\",\"potentialAction\":[{\"@type\":\"ReadAction\",\"target\":[\"https:\\\/\\\/antonquilesinmobiliaria.com\\\/pl\\\/polityka-cookies\\\/\"]}]},{\"@type\":\"BreadcrumbList\",\"@id\":\"https:\\\/\\\/antonquilesinmobiliaria.com\\\/pl\\\/polityka-cookies\\\/#breadcrumb\",\"itemListElement\":[{\"@type\":\"ListItem\",\"position\":1,\"name\":\"Portada\",\"item\":\"https:\\\/\\\/antonquilesinmobiliaria.com\\\/pl\\\/nieruchomosci\\\/\"},{\"@type\":\"ListItem\",\"position\":2,\"name\":\"Polityka cookies\"}]},{\"@type\":\"WebSite\",\"@id\":\"https:\\\/\\\/antonquilesinmobiliaria.com\\\/#website\",\"url\":\"https:\\\/\\\/antonquilesinmobiliaria.com\\\/\",\"name\":\"Ant\u00f3n Quiles Inmobiliaria\",\"description\":\"Servicios Inmobiliarios\",\"publisher\":{\"@id\":\"https:\\\/\\\/antonquilesinmobiliaria.com\\\/#organization\"},\"potentialAction\":[{\"@type\":\"SearchAction\",\"target\":{\"@type\":\"EntryPoint\",\"urlTemplate\":\"https:\\\/\\\/antonquilesinmobiliaria.com\\\/?s={search_term_string}\"},\"query-input\":{\"@type\":\"PropertyValueSpecification\",\"valueRequired\":true,\"valueName\":\"search_term_string\"}}],\"inLanguage\":\"pl-PL\"},{\"@type\":\"Organization\",\"@id\":\"https:\\\/\\\/antonquilesinmobiliaria.com\\\/#organization\",\"name\":\"Ant\u00f3n Quiles Servicios Inmobiliarios\",\"url\":\"https:\\\/\\\/antonquilesinmobiliaria.com\\\/\",\"logo\":{\"@type\":\"ImageObject\",\"inLanguage\":\"pl-PL\",\"@id\":\"https:\\\/\\\/antonquilesinmobiliaria.com\\\/#\\\/schema\\\/logo\\\/image\\\/\",\"url\":\"https:\\\/\\\/antonquilesinmobiliaria.com\\\/wp-content\\\/uploads\\\/2025\\\/11\\\/page_6.png\",\"contentUrl\":\"https:\\\/\\\/antonquilesinmobiliaria.com\\\/wp-content\\\/uploads\\\/2025\\\/11\\\/page_6.png\",\"width\":578,\"height\":342,\"caption\":\"Ant\u00f3n Quiles Servicios Inmobiliarios\"},\"image\":{\"@id\":\"https:\\\/\\\/antonquilesinmobiliaria.com\\\/#\\\/schema\\\/logo\\\/image\\\/\"},\"sameAs\":[\"https:\\\/\\\/www.facebook.com\\\/antonquilesinmobiliaria\\\/\"]}]}<\/script>\n<!-- \/ Yoast SEO plugin. -->","yoast_head_json":{"title":"Polityka cookies - Ant\u00f3n Quiles Inmobiliaria - Servicios Inmobiliarios","robots":{"index":"index","follow":"follow","max-snippet":"max-snippet:-1","max-image-preview":"max-image-preview:large","max-video-preview":"max-video-preview:-1"},"canonical":"https:\/\/antonquilesinmobiliaria.com\/pl\/polityka-cookies\/","og_locale":"pl_PL","og_type":"article","og_title":"Polityka cookies - Ant\u00f3n Quiles Inmobiliaria - Servicios Inmobiliarios","og_description":"Polityka cookies 1. \u00bfQu\u00e9 son las cookies?Las cookies son peque\u00f1os archivos que se almacenan en su dispositivo cuando visita una p\u00e1gina web. Sirven para recordar sus preferencias, entender c\u00f3mo navega y mejorar su experiencia en el sitio. 2. \u00bfQu\u00e9 tipos de cookies utiliza esta web? a) Cookies t\u00e9cnicas (obligatorias)Permiten el funcionamiento b\u00e1sico del sitio web, [&hellip;]","og_url":"https:\/\/antonquilesinmobiliaria.com\/pl\/polityka-cookies\/","og_site_name":"Ant\u00f3n Quiles Inmobiliaria - Servicios Inmobiliarios","article_publisher":"https:\/\/www.facebook.com\/antonquilesinmobiliaria\/","article_modified_time":"2026-04-25T17:28:08+00:00","twitter_card":"summary_large_image","twitter_misc":{"Szacowany czas czytania":"2 minuty"},"schema":{"@context":"https:\/\/schema.org","@graph":[{"@type":"WebPage","@id":"https:\/\/antonquilesinmobiliaria.com\/pl\/polityka-cookies\/","url":"https:\/\/antonquilesinmobiliaria.com\/pl\/polityka-cookies\/","name":"Polityka cookies - Ant\u00f3n Quiles Inmobiliaria - Servicios Inmobiliarios","isPartOf":{"@id":"https:\/\/antonquilesinmobiliaria.com\/#website"},"datePublished":"2025-11-21T09:26:02+00:00","dateModified":"2026-04-25T17:28:08+00:00","breadcrumb":{"@id":"https:\/\/antonquilesinmobiliaria.com\/pl\/polityka-cookies\/#breadcrumb"},"inLanguage":"pl-PL","potentialAction":[{"@type":"ReadAction","target":["https:\/\/antonquilesinmobiliaria.com\/pl\/polityka-cookies\/"]}]},{"@type":"BreadcrumbList","@id":"https:\/\/antonquilesinmobiliaria.com\/pl\/polityka-cookies\/#breadcrumb","itemListElement":[{"@type":"ListItem","position":1,"name":"Portada","item":"https:\/\/antonquilesinmobiliaria.com\/pl\/nieruchomosci\/"},{"@type":"ListItem","position":2,"name":"Polityka cookies"}]},{"@type":"WebSite","@id":"https:\/\/antonquilesinmobiliaria.com\/#website","url":"https:\/\/antonquilesinmobiliaria.com\/","name":"Ant\u00f3n Quiles Inmobiliaria","description":"Servicios Inmobiliarios","publisher":{"@id":"https:\/\/antonquilesinmobiliaria.com\/#organization"},"potentialAction":[{"@type":"SearchAction","target":{"@type":"EntryPoint","urlTemplate":"https:\/\/antonquilesinmobiliaria.com\/?s={search_term_string}"},"query-input":{"@type":"PropertyValueSpecification","valueRequired":true,"valueName":"search_term_string"}}],"inLanguage":"pl-PL"},{"@type":"Organization","@id":"https:\/\/antonquilesinmobiliaria.com\/#organization","name":"Ant\u00f3n Quiles Servicios Inmobiliarios","url":"https:\/\/antonquilesinmobiliaria.com\/","logo":{"@type":"ImageObject","inLanguage":"pl-PL","@id":"https:\/\/antonquilesinmobiliaria.com\/#\/schema\/logo\/image\/","url":"https:\/\/antonquilesinmobiliaria.com\/wp-content\/uploads\/2025\/11\/page_6.png","contentUrl":"https:\/\/antonquilesinmobiliaria.com\/wp-content\/uploads\/2025\/11\/page_6.png","width":578,"height":342,"caption":"Ant\u00f3n Quiles Servicios Inmobiliarios"},"image":{"@id":"https:\/\/antonquilesinmobiliaria.com\/#\/schema\/logo\/image\/"},"sameAs":["https:\/\/www.facebook.com\/antonquilesinmobiliaria\/"]}]}},"_links":{"self":[{"href":"https:\/\/antonquilesinmobiliaria.com\/pl\/wp-json\/wp\/v2\/pages\/4488035","targetHints":{"allow":["GET"]}}],"collection":[{"href":"https:\/\/antonquilesinmobiliaria.com\/pl\/wp-json\/wp\/v2\/pages"}],"about":[{"href":"https:\/\/antonquilesinmobiliaria.com\/pl\/wp-json\/wp\/v2\/types\/page"}],"author":[{"embeddable":true,"href":"https:\/\/antonquilesinmobiliaria.com\/pl\/wp-json\/wp\/v2\/users\/1"}],"replies":[{"embeddable":true,"href":"https:\/\/antonquilesinmobiliaria.com\/pl\/wp-json\/wp\/v2\/comments?post=4488035"}],"version-history":[{"count":1,"href":"https:\/\/antonquilesinmobiliaria.com\/pl\/wp-json\/wp\/v2\/pages\/4488035\/revisions"}],"predecessor-version":[{"id":4488036,"href":"https:\/\/antonquilesinmobiliaria.com\/pl\/wp-json\/wp\/v2\/pages\/4488035\/revisions\/4488036"}],"wp:attachment":[{"href":"https:\/\/antonquilesinmobiliaria.com\/pl\/wp-json\/wp\/v2\/media?parent=4488035"}],"curies":[{"name":"wp","href":"https:\/\/api.w.org\/{rel}","templated":true}]}}