{"id":4488038,"date":"2025-11-21T10:23:32","date_gmt":"2025-11-21T09:23:32","guid":{"rendered":"https:\/\/antonquilesinmobiliaria.com\/aviso-legal\/"},"modified":"2026-04-25T19:28:14","modified_gmt":"2026-04-25T17:28:14","slug":"nota-prawna","status":"publish","type":"page","link":"https:\/\/antonquilesinmobiliaria.com\/pl\/nota-prawna\/","title":{"rendered":"Nota prawna"},"content":{"rendered":"\t\t<div data-elementor-type=\"wp-page\" data-elementor-id=\"4488038\" class=\"elementor elementor-4488038 elementor-19107\">\n\t\t\t\t<div class=\"elementor-element elementor-element-0f3838c e-flex e-con-boxed e-con e-parent\" data-id=\"0f3838c\" data-element_type=\"container\" data-e-type=\"container\">\n\t\t\t\t\t<div class=\"e-con-inner\">\n\t\t\t\t<div class=\"elementor-element elementor-element-24c2cdd elementor-widget elementor-widget-text-editor\" data-id=\"24c2cdd\" data-element_type=\"widget\" data-e-type=\"widget\" data-widget_type=\"text-editor.default\">\n\t\t\t\t\t\t\t\t\t<h2 data-start=\"168\" data-end=\"182\">Nota prawna<\/h2><p data-start=\"184\" data-end=\"484\"><strong data-start=\"184\" data-end=\"208\">1. Datos del titular<\/strong><br data-start=\"208\" data-end=\"211\" \/>En cumplimiento con lo dispuesto en la normativa vigente, se informa de que el titular del sitio web es:<br data-start=\"315\" data-end=\"318\" \/><strong data-start=\"318\" data-end=\"354\">Nombre de la empresa:<\/strong> Ant\u00f3n Quiles Servicios Inmobiliarios S.L.<br data-start=\"363\" data-end=\"366\" \/><strong data-start=\"366\" data-end=\"378\">NIF\/CIF:<\/strong> B75906396 &#8211; (VAT: ESB75906396)<br data-start=\"387\" data-end=\"390\" \/><strong data-start=\"390\" data-end=\"404\">Domicilio:<\/strong> Calle Jaime Gomez Orts, 12, Local 7. CP:03202, Elche (Alicante) Espa\u00f1a<br data-start=\"425\" data-end=\"428\" \/><strong data-start=\"428\" data-end=\"450\">Email de contacto:<\/strong> info@antonquilesinmobiliaria.com<br data-start=\"459\" data-end=\"462\" \/><strong data-start=\"462\" data-end=\"475\" data-is-only-node=\"\">Tel\u00e9fono:<\/strong> 658 580 991<\/p><p data-start=\"486\" data-end=\"680\"><strong data-start=\"486\" data-end=\"513\">2. Objeto del sitio web<\/strong><br data-start=\"513\" data-end=\"516\" \/>El presente sitio web tiene como finalidad ofrecer informaci\u00f3n sobre los servicios de Ant\u00f3n Quiles Servicios Inmobiliarios\u00a0y permitir el contacto entre los usuarios y el titular.<\/p><p data-start=\"682\" data-end=\"951\"><strong data-start=\"682\" data-end=\"723\">3. Propiedad intelectual e industrial<\/strong><br data-start=\"723\" data-end=\"726\" \/>Todos los contenidos del sitio web (textos, im\u00e1genes, logotipos, dise\u00f1o, etc.) son propiedad del titular o cuentan con autorizaci\u00f3n para su uso. Queda prohibida su reproducci\u00f3n, distribuci\u00f3n o modificaci\u00f3n sin permiso previo.<\/p><p data-start=\"953\" data-end=\"1132\"><strong data-start=\"953\" data-end=\"987\">4. Responsabilidad del usuario<\/strong><br data-start=\"987\" data-end=\"990\" \/>El usuario se compromete a hacer un uso adecuado del sitio web, evitando actividades il\u00edcitas o que puedan causar da\u00f1os al mismo o a terceros.<\/p><p data-start=\"1134\" data-end=\"1297\"><strong data-start=\"1134\" data-end=\"1160\">5. Pol\u00edtica de enlaces<\/strong><br data-start=\"1160\" data-end=\"1163\" \/>Este sitio web puede incluir enlaces a p\u00e1ginas externas. El titular no se hace responsable de los contenidos o usos de dichas p\u00e1ginas.<\/p><p data-start=\"1299\" data-end=\"1496\"><strong data-start=\"1299\" data-end=\"1325\">6. Protecci\u00f3n de datos<\/strong><br data-start=\"1325\" data-end=\"1328\" \/>El uso de los datos personales se regula en la <em data-start=\"1375\" data-end=\"1399\">Polityka prywatno\u015bci<\/em>, accesible desde esta web. El usuario garantiza que la informaci\u00f3n facilitada es veraz y actual.<\/p><p data-start=\"1498\" data-end=\"1716\"><strong data-start=\"1498\" data-end=\"1533\">7. Ley aplicable y jurisdicci\u00f3n<\/strong><br data-start=\"1533\" data-end=\"1536\" \/>El presente Nota prawna se rige por la legislaci\u00f3n espa\u00f1ola. Para cualquier conflicto derivado del uso del sitio web, las partes se someten a los juzgados y tribunales de Elche (Alicante).<\/p>\t\t\t\t\t\t\t\t<\/div>\n\t\t\t\t\t<\/div>\n\t\t\t\t<\/div>\n\t\t\t\t<\/div>\n\t\t","protected":false},"excerpt":{"rendered":"<p>Nota prawna 1. Datos del titularEn cumplimiento con lo dispuesto en la normativa vigente, se informa de que el titular del sitio web es:Nombre de la empresa: Ant\u00f3n Quiles Servicios Inmobiliarios S.L.NIF\/CIF: B75906396 &#8211; (VAT: ESB75906396)Domicilio: Calle Jaime Gomez Orts, 12, Local 7. CP:03202, Elche (Alicante) Espa\u00f1aEmail de contacto: info@antonquilesinmobiliaria.comTel\u00e9fono: 658 580 991 2. Objeto [&hellip;]<\/p>\n","protected":false},"author":1,"featured_media":0,"parent":0,"menu_order":0,"comment_status":"closed","ping_status":"closed","template":"elementor_header_footer","meta":{"footnotes":""},"class_list":["post-4488038","page","type-page","status-publish","hentry"],"yoast_head":"<!-- This site is optimized with the Yoast SEO plugin v27.4 - https:\/\/yoast.com\/product\/yoast-seo-wordpress\/ -->\n<title>Nota prawna - Ant\u00f3n Quiles Inmobiliaria - Servicios Inmobiliarios<\/title>\n<meta name=\"robots\" content=\"index, follow, max-snippet:-1, max-image-preview:large, max-video-preview:-1\" \/>\n<link rel=\"canonical\" href=\"https:\/\/antonquilesinmobiliaria.com\/pl\/nota-prawna\/\" \/>\n<meta property=\"og:locale\" content=\"pl_PL\" \/>\n<meta property=\"og:type\" content=\"article\" \/>\n<meta property=\"og:title\" content=\"Nota prawna - Ant\u00f3n Quiles Inmobiliaria - Servicios Inmobiliarios\" \/>\n<meta property=\"og:description\" content=\"Nota prawna 1. Datos del titularEn cumplimiento con lo dispuesto en la normativa vigente, se informa de que el titular del sitio web es:Nombre de la empresa: Ant\u00f3n Quiles Servicios Inmobiliarios S.L.NIF\/CIF: B75906396 &#8211; (VAT: ESB75906396)Domicilio: Calle Jaime Gomez Orts, 12, Local 7. CP:03202, Elche (Alicante) Espa\u00f1aEmail de contacto: info@antonquilesinmobiliaria.comTel\u00e9fono: 658 580 991 2. Objeto [&hellip;]\" \/>\n<meta property=\"og:url\" content=\"https:\/\/antonquilesinmobiliaria.com\/pl\/nota-prawna\/\" \/>\n<meta property=\"og:site_name\" content=\"Ant\u00f3n Quiles Inmobiliaria - Servicios Inmobiliarios\" \/>\n<meta property=\"article:publisher\" content=\"https:\/\/www.facebook.com\/antonquilesinmobiliaria\/\" \/>\n<meta property=\"article:modified_time\" content=\"2026-04-25T17:28:14+00:00\" \/>\n<meta name=\"twitter:card\" content=\"summary_large_image\" \/>\n<meta name=\"twitter:label1\" content=\"Szacowany czas czytania\" \/>\n\t<meta name=\"twitter:data1\" content=\"1 minuta\" \/>\n<script type=\"application\/ld+json\" class=\"yoast-schema-graph\">{\"@context\":\"https:\\\/\\\/schema.org\",\"@graph\":[{\"@type\":\"WebPage\",\"@id\":\"https:\\\/\\\/antonquilesinmobiliaria.com\\\/pl\\\/nota-prawna\\\/\",\"url\":\"https:\\\/\\\/antonquilesinmobiliaria.com\\\/pl\\\/nota-prawna\\\/\",\"name\":\"Nota prawna - Ant\u00f3n Quiles Inmobiliaria - Servicios Inmobiliarios\",\"isPartOf\":{\"@id\":\"https:\\\/\\\/antonquilesinmobiliaria.com\\\/#website\"},\"datePublished\":\"2025-11-21T09:23:32+00:00\",\"dateModified\":\"2026-04-25T17:28:14+00:00\",\"breadcrumb\":{\"@id\":\"https:\\\/\\\/antonquilesinmobiliaria.com\\\/pl\\\/nota-prawna\\\/#breadcrumb\"},\"inLanguage\":\"pl-PL\",\"potentialAction\":[{\"@type\":\"ReadAction\",\"target\":[\"https:\\\/\\\/antonquilesinmobiliaria.com\\\/pl\\\/nota-prawna\\\/\"]}]},{\"@type\":\"BreadcrumbList\",\"@id\":\"https:\\\/\\\/antonquilesinmobiliaria.com\\\/pl\\\/nota-prawna\\\/#breadcrumb\",\"itemListElement\":[{\"@type\":\"ListItem\",\"position\":1,\"name\":\"Portada\",\"item\":\"https:\\\/\\\/antonquilesinmobiliaria.com\\\/pl\\\/nieruchomosci\\\/\"},{\"@type\":\"ListItem\",\"position\":2,\"name\":\"Nota prawna\"}]},{\"@type\":\"WebSite\",\"@id\":\"https:\\\/\\\/antonquilesinmobiliaria.com\\\/#website\",\"url\":\"https:\\\/\\\/antonquilesinmobiliaria.com\\\/\",\"name\":\"Ant\u00f3n Quiles Inmobiliaria\",\"description\":\"Servicios Inmobiliarios\",\"publisher\":{\"@id\":\"https:\\\/\\\/antonquilesinmobiliaria.com\\\/#organization\"},\"potentialAction\":[{\"@type\":\"SearchAction\",\"target\":{\"@type\":\"EntryPoint\",\"urlTemplate\":\"https:\\\/\\\/antonquilesinmobiliaria.com\\\/?s={search_term_string}\"},\"query-input\":{\"@type\":\"PropertyValueSpecification\",\"valueRequired\":true,\"valueName\":\"search_term_string\"}}],\"inLanguage\":\"pl-PL\"},{\"@type\":\"Organization\",\"@id\":\"https:\\\/\\\/antonquilesinmobiliaria.com\\\/#organization\",\"name\":\"Ant\u00f3n Quiles Servicios Inmobiliarios\",\"url\":\"https:\\\/\\\/antonquilesinmobiliaria.com\\\/\",\"logo\":{\"@type\":\"ImageObject\",\"inLanguage\":\"pl-PL\",\"@id\":\"https:\\\/\\\/antonquilesinmobiliaria.com\\\/#\\\/schema\\\/logo\\\/image\\\/\",\"url\":\"https:\\\/\\\/antonquilesinmobiliaria.com\\\/wp-content\\\/uploads\\\/2025\\\/11\\\/page_6.png\",\"contentUrl\":\"https:\\\/\\\/antonquilesinmobiliaria.com\\\/wp-content\\\/uploads\\\/2025\\\/11\\\/page_6.png\",\"width\":578,\"height\":342,\"caption\":\"Ant\u00f3n Quiles Servicios Inmobiliarios\"},\"image\":{\"@id\":\"https:\\\/\\\/antonquilesinmobiliaria.com\\\/#\\\/schema\\\/logo\\\/image\\\/\"},\"sameAs\":[\"https:\\\/\\\/www.facebook.com\\\/antonquilesinmobiliaria\\\/\"]}]}<\/script>\n<!-- \/ Yoast SEO plugin. -->","yoast_head_json":{"title":"Nota prawna - Ant\u00f3n Quiles Inmobiliaria - Servicios Inmobiliarios","robots":{"index":"index","follow":"follow","max-snippet":"max-snippet:-1","max-image-preview":"max-image-preview:large","max-video-preview":"max-video-preview:-1"},"canonical":"https:\/\/antonquilesinmobiliaria.com\/pl\/nota-prawna\/","og_locale":"pl_PL","og_type":"article","og_title":"Nota prawna - Ant\u00f3n Quiles Inmobiliaria - Servicios Inmobiliarios","og_description":"Nota prawna 1. Datos del titularEn cumplimiento con lo dispuesto en la normativa vigente, se informa de que el titular del sitio web es:Nombre de la empresa: Ant\u00f3n Quiles Servicios Inmobiliarios S.L.NIF\/CIF: B75906396 &#8211; (VAT: ESB75906396)Domicilio: Calle Jaime Gomez Orts, 12, Local 7. CP:03202, Elche (Alicante) Espa\u00f1aEmail de contacto: info@antonquilesinmobiliaria.comTel\u00e9fono: 658 580 991 2. Objeto [&hellip;]","og_url":"https:\/\/antonquilesinmobiliaria.com\/pl\/nota-prawna\/","og_site_name":"Ant\u00f3n Quiles Inmobiliaria - Servicios Inmobiliarios","article_publisher":"https:\/\/www.facebook.com\/antonquilesinmobiliaria\/","article_modified_time":"2026-04-25T17:28:14+00:00","twitter_card":"summary_large_image","twitter_misc":{"Szacowany czas czytania":"1 minuta"},"schema":{"@context":"https:\/\/schema.org","@graph":[{"@type":"WebPage","@id":"https:\/\/antonquilesinmobiliaria.com\/pl\/nota-prawna\/","url":"https:\/\/antonquilesinmobiliaria.com\/pl\/nota-prawna\/","name":"Nota prawna - Ant\u00f3n Quiles Inmobiliaria - Servicios Inmobiliarios","isPartOf":{"@id":"https:\/\/antonquilesinmobiliaria.com\/#website"},"datePublished":"2025-11-21T09:23:32+00:00","dateModified":"2026-04-25T17:28:14+00:00","breadcrumb":{"@id":"https:\/\/antonquilesinmobiliaria.com\/pl\/nota-prawna\/#breadcrumb"},"inLanguage":"pl-PL","potentialAction":[{"@type":"ReadAction","target":["https:\/\/antonquilesinmobiliaria.com\/pl\/nota-prawna\/"]}]},{"@type":"BreadcrumbList","@id":"https:\/\/antonquilesinmobiliaria.com\/pl\/nota-prawna\/#breadcrumb","itemListElement":[{"@type":"ListItem","position":1,"name":"Portada","item":"https:\/\/antonquilesinmobiliaria.com\/pl\/nieruchomosci\/"},{"@type":"ListItem","position":2,"name":"Nota prawna"}]},{"@type":"WebSite","@id":"https:\/\/antonquilesinmobiliaria.com\/#website","url":"https:\/\/antonquilesinmobiliaria.com\/","name":"Ant\u00f3n Quiles Inmobiliaria","description":"Servicios Inmobiliarios","publisher":{"@id":"https:\/\/antonquilesinmobiliaria.com\/#organization"},"potentialAction":[{"@type":"SearchAction","target":{"@type":"EntryPoint","urlTemplate":"https:\/\/antonquilesinmobiliaria.com\/?s={search_term_string}"},"query-input":{"@type":"PropertyValueSpecification","valueRequired":true,"valueName":"search_term_string"}}],"inLanguage":"pl-PL"},{"@type":"Organization","@id":"https:\/\/antonquilesinmobiliaria.com\/#organization","name":"Ant\u00f3n Quiles Servicios Inmobiliarios","url":"https:\/\/antonquilesinmobiliaria.com\/","logo":{"@type":"ImageObject","inLanguage":"pl-PL","@id":"https:\/\/antonquilesinmobiliaria.com\/#\/schema\/logo\/image\/","url":"https:\/\/antonquilesinmobiliaria.com\/wp-content\/uploads\/2025\/11\/page_6.png","contentUrl":"https:\/\/antonquilesinmobiliaria.com\/wp-content\/uploads\/2025\/11\/page_6.png","width":578,"height":342,"caption":"Ant\u00f3n Quiles Servicios Inmobiliarios"},"image":{"@id":"https:\/\/antonquilesinmobiliaria.com\/#\/schema\/logo\/image\/"},"sameAs":["https:\/\/www.facebook.com\/antonquilesinmobiliaria\/"]}]}},"_links":{"self":[{"href":"https:\/\/antonquilesinmobiliaria.com\/pl\/wp-json\/wp\/v2\/pages\/4488038","targetHints":{"allow":["GET"]}}],"collection":[{"href":"https:\/\/antonquilesinmobiliaria.com\/pl\/wp-json\/wp\/v2\/pages"}],"about":[{"href":"https:\/\/antonquilesinmobiliaria.com\/pl\/wp-json\/wp\/v2\/types\/page"}],"author":[{"embeddable":true,"href":"https:\/\/antonquilesinmobiliaria.com\/pl\/wp-json\/wp\/v2\/users\/1"}],"replies":[{"embeddable":true,"href":"https:\/\/antonquilesinmobiliaria.com\/pl\/wp-json\/wp\/v2\/comments?post=4488038"}],"version-history":[{"count":1,"href":"https:\/\/antonquilesinmobiliaria.com\/pl\/wp-json\/wp\/v2\/pages\/4488038\/revisions"}],"predecessor-version":[{"id":4488039,"href":"https:\/\/antonquilesinmobiliaria.com\/pl\/wp-json\/wp\/v2\/pages\/4488038\/revisions\/4488039"}],"wp:attachment":[{"href":"https:\/\/antonquilesinmobiliaria.com\/pl\/wp-json\/wp\/v2\/media?parent=4488038"}],"curies":[{"name":"wp","href":"https:\/\/api.w.org\/{rel}","templated":true}]}}